{"id":33,"date":"2024-04-24T12:40:13","date_gmt":"2024-04-24T12:40:13","guid":{"rendered":"https:\/\/sarem.at\/?page_id=33"},"modified":"2025-12-04T21:20:48","modified_gmt":"2025-12-04T21:20:48","slug":"events","status":"publish","type":"page","link":"https:\/\/sarem.at\/en\/events\/","title":{"rendered":"Events"},"content":{"rendered":"<div data-elementor-type=\"wp-page\" data-elementor-id=\"33\" class=\"elementor elementor-33\" data-elementor-post-type=\"page\">\n\t\t\t\t<div class=\"elementor-element elementor-element-2bbb401f e-con-full e-flex e-con e-parent\" data-id=\"2bbb401f\" data-element_type=\"container\">\n\t\t\t\t<div class=\"elementor-element elementor-element-ed9cf0a elementor--h-position-center elementor--v-position-middle elementor-widget elementor-widget-slides\" data-id=\"ed9cf0a\" data-element_type=\"widget\" data-settings=\"{&quot;navigation&quot;:&quot;none&quot;,&quot;transition&quot;:&quot;slide&quot;,&quot;transition_speed&quot;:500}\" data-widget_type=\"slides.default\">\n\t\t\t\t<div class=\"elementor-widget-container\">\n\t\t\t<style>\/*! elementor-pro - v3.21.0 - 15-04-2024 *\/\n.elementor-slides .swiper-slide-bg{background-size:cover;background-position:50%;background-repeat:no-repeat;min-width:100%;min-height:100%}.elementor-slides .swiper-slide-inner{background-repeat:no-repeat;background-position:50%;position:absolute;top:0;left:0;bottom:0;right:0;padding:50px;margin:auto}.elementor-slides .swiper-slide-inner,.elementor-slides .swiper-slide-inner:hover{color:#fff;display:flex}.elementor-slides .swiper-slide-inner .elementor-background-overlay{position:absolute;z-index:0;top:0;bottom:0;left:0;right:0}.elementor-slides .swiper-slide-inner .elementor-slide-content{position:relative;z-index:1;width:100%}.elementor-slides .swiper-slide-inner .elementor-slide-heading{font-size:35px;font-weight:700;line-height:1}.elementor-slides .swiper-slide-inner .elementor-slide-description{font-size:17px;line-height:1.4}.elementor-slides .swiper-slide-inner .elementor-slide-description:not(:last-child),.elementor-slides .swiper-slide-inner .elementor-slide-heading:not(:last-child){margin-bottom:30px}.elementor-slides .swiper-slide-inner .elementor-slide-button{border:2px solid #fff;color:#fff;background:transparent;display:inline-block}.elementor-slides .swiper-slide-inner .elementor-slide-button,.elementor-slides .swiper-slide-inner .elementor-slide-button:hover{background:transparent;color:inherit;text-decoration:none}.elementor--v-position-top .swiper-slide-inner{align-items:flex-start}.elementor--v-position-bottom .swiper-slide-inner{align-items:flex-end}.elementor--v-position-middle .swiper-slide-inner{align-items:center}.elementor--h-position-left .swiper-slide-inner{justify-content:flex-start}.elementor--h-position-right .swiper-slide-inner{justify-content:flex-end}.elementor--h-position-center .swiper-slide-inner{justify-content:center}body.rtl .elementor-widget-slides .elementor-swiper-button-next{left:10px;right:auto}body.rtl .elementor-widget-slides .elementor-swiper-button-prev{right:10px;left:auto}.elementor-slides-wrapper div:not(.swiper-slide)>.swiper-slide-inner{display:none}@media (max-width:767px){.elementor-slides .swiper-slide-inner{padding:30px}.elementor-slides .swiper-slide-inner .elementor-slide-heading{font-size:23px;line-height:1;margin-bottom:15px}.elementor-slides .swiper-slide-inner .elementor-slide-description{font-size:13px;line-height:1.4;margin-bottom:15px}}<\/style>\t\t<div class=\"elementor-swiper\">\n\t\t\t<div class=\"elementor-slides-wrapper elementor-main-swiper swiper\" dir=\"ltr\" data-animation=\"fadeInUp\">\n\t\t\t\t<div class=\"swiper-wrapper elementor-slides\">\n\t\t\t\t\t\t\t\t\t\t<div class=\"elementor-repeater-item-c4e8a8f swiper-slide\"><div class=\"swiper-slide-bg\" role=\"img\"><\/div><div class=\"swiper-slide-inner\" ><div class=\"swiper-slide-contents\"><\/div><\/div><\/div>\t\t\t\t<\/div>\n\t\t\t\t\t\t\t<\/div>\n\t\t<\/div>\n\t\t\t\t<\/div>\n\t\t\t\t<\/div>\n\t\t\t\t<\/div>\n\t\t<div class=\"elementor-element elementor-element-a1e120f e-flex e-con-boxed e-con e-parent\" data-id=\"a1e120f\" data-element_type=\"container\">\n\t\t\t\t\t<div class=\"e-con-inner\">\n\t\t\t\t<div class=\"elementor-element elementor-element-461820c elementor-widget elementor-widget-heading\" data-id=\"461820c\" data-element_type=\"widget\" data-widget_type=\"heading.default\">\n\t\t\t\t<div class=\"elementor-widget-container\">\n\t\t\t<style>\/*! elementor - v3.21.0 - 18-04-2024 *\/\n.elementor-heading-title{padding:0;margin:0;line-height:1}.elementor-widget-heading .elementor-heading-title[class*=elementor-size-]>a{color:inherit;font-size:inherit;line-height:inherit}.elementor-widget-heading .elementor-heading-title.elementor-size-small{font-size:15px}.elementor-widget-heading .elementor-heading-title.elementor-size-medium{font-size:19px}.elementor-widget-heading .elementor-heading-title.elementor-size-large{font-size:29px}.elementor-widget-heading .elementor-heading-title.elementor-size-xl{font-size:39px}.elementor-widget-heading .elementor-heading-title.elementor-size-xxl{font-size:59px}<\/style><h1 class=\"elementor-heading-title elementor-size-default\">YOGA TRIP, CRETE<\/h1>\t\t<\/div>\n\t\t\t\t<\/div>\n\t\t\t\t<div class=\"elementor-element elementor-element-da6e364 elementor-widget elementor-widget-heading\" data-id=\"da6e364\" data-element_type=\"widget\" data-widget_type=\"heading.default\">\n\t\t\t\t<div class=\"elementor-widget-container\">\n\t\t\t<h1 class=\"elementor-heading-title elementor-size-default\">12.9 \u2212 19.9.2026<\/h1>\t\t<\/div>\n\t\t\t\t<\/div>\n\t\t\t\t<div class=\"elementor-element elementor-element-3a787e5 elementor-widget elementor-widget-text-editor\" data-id=\"3a787e5\" data-element_type=\"widget\" data-widget_type=\"text-editor.default\">\n\t\t\t\t<div class=\"elementor-widget-container\">\n\t\t\t<style>\/*! elementor - v3.21.0 - 18-04-2024 *\/\n.elementor-widget-text-editor.elementor-drop-cap-view-stacked .elementor-drop-cap{background-color:#69727d;color:#fff}.elementor-widget-text-editor.elementor-drop-cap-view-framed .elementor-drop-cap{color:#69727d;border:3px solid;background-color:transparent}.elementor-widget-text-editor:not(.elementor-drop-cap-view-default) .elementor-drop-cap{margin-top:8px}.elementor-widget-text-editor:not(.elementor-drop-cap-view-default) .elementor-drop-cap-letter{width:1em;height:1em}.elementor-widget-text-editor .elementor-drop-cap{float:left;text-align:center;line-height:1;font-size:50px}.elementor-widget-text-editor .elementor-drop-cap-letter{display:inline-block}<\/style>\t\t\t\t<p><span style=\"font-weight: 400;\">Enjoy daily morning and evening Yoga sessions while on holiday, and bathe in the beautiful blue water under the Greek sun. Learn more about the many aspects of yoga, enjoy fresh, healthy food and immerse yourself in a pristine natural environment.<\/span><\/p><p><span style=\"color: #a88071;\"><strong>WHERE:<\/strong><\/span> Retreat Center Levinthos\u00a0 <a href=\"https:\/\/levinthos.gr\/\">www.levinthos.gr<\/a><\/p><p><span style=\"font-weight: 400;\">The Retreat Center is located on Crete\u2019s southern coast, just outside Lentas, with a breathtaking view out over the sea. It is a quiet, secluded and modern location, providing an ideal setting for a yoga retreat, with a perfect blend of aesthetics and practicality, while only being a 10-minute walk from the village of Lentas.<\/span><span style=\"font-weight: 400;\">\u00a0<\/span><\/p>\t\t\t\t\t\t<\/div>\n\t\t\t\t<\/div>\n\t\t\t\t\t<\/div>\n\t\t\t\t<\/div>\n\t\t<div class=\"elementor-element elementor-element-644bc5c e-flex e-con-boxed e-con e-parent\" data-id=\"644bc5c\" data-element_type=\"container\">\n\t\t\t\t\t<div class=\"e-con-inner\">\n\t\t<div class=\"elementor-element elementor-element-bb733ca e-con-full e-flex e-con e-child\" data-id=\"bb733ca\" data-element_type=\"container\">\n\t\t\t\t<div class=\"elementor-element elementor-element-ef40d63 elementor-widget elementor-widget-heading\" data-id=\"ef40d63\" data-element_type=\"widget\" data-widget_type=\"heading.default\">\n\t\t\t\t<div class=\"elementor-widget-container\">\n\t\t\t<h2 class=\"elementor-heading-title elementor-size-default\">ROOMS AVAILABLE:<\/h2>\t\t<\/div>\n\t\t\t\t<\/div>\n\t\t\t\t<div class=\"elementor-element elementor-element-1cc56ae elementor-widget elementor-widget-text-editor\" data-id=\"1cc56ae\" data-element_type=\"widget\" data-widget_type=\"text-editor.default\">\n\t\t\t\t<div class=\"elementor-widget-container\">\n\t\t\t\t\t\t\t<p><span style=\"color: #a88071;\"><strong>Levinthos: <\/strong><\/span><\/p><p>4 Studios: \u00a0580,- \u20ac pro Person \u2013 Doppelbelegung, 860,- \u20ac Einzelbelegung\u00a0<br \/><span style=\"text-align: var(--text-align);\">4 Apartments:\u00a0 670,- \u20ac pro Person\/Woche (nur Doppelbelegung m\u00f6glich)<\/span><\/p><p><span style=\"color: #a88071;\"><strong>Filoxenia: <\/strong><\/span> (neighboring resort \u2013 two minutes away on foot)<\/p><p>3 Studios: 590,- \u20ac pro Person\/Woche (nur Einzelbelegung m\u00f6glich) <br \/>3 Apartments: 480,- \u20ac bei Doppelbelegung \/ 700,- \u20ac bei Einzelbelegung<\/p>\t\t\t\t\t\t<\/div>\n\t\t\t\t<\/div>\n\t\t\t\t<\/div>\n\t\t<div class=\"elementor-element elementor-element-d09e121 e-con-full e-flex e-con e-child\" data-id=\"d09e121\" data-element_type=\"container\">\n\t\t\t\t<div class=\"elementor-element elementor-element-b742194 elementor-widget elementor-widget-image\" data-id=\"b742194\" data-element_type=\"widget\" data-widget_type=\"image.default\">\n\t\t\t\t<div class=\"elementor-widget-container\">\n\t\t\t<style>\/*! elementor - v3.21.0 - 18-04-2024 *\/\n.elementor-widget-image{text-align:center}.elementor-widget-image a{display:inline-block}.elementor-widget-image a img[src$=\".svg\"]{width:48px}.elementor-widget-image img{vertical-align:middle;display:inline-block}<\/style>\t\t\t\t\t\t\t\t\t\t<img fetchpriority=\"high\" decoding=\"async\" width=\"800\" height=\"534\" src=\"https:\/\/sarem.at\/wp-content\/uploads\/2024\/04\/DSC3009-1-1024x683.jpg\" class=\"attachment-large size-large wp-image-265\" alt=\"\" srcset=\"https:\/\/sarem.at\/wp-content\/uploads\/2024\/04\/DSC3009-1-1024x683.jpg 1024w, https:\/\/sarem.at\/wp-content\/uploads\/2024\/04\/DSC3009-1-300x200.jpg 300w, https:\/\/sarem.at\/wp-content\/uploads\/2024\/04\/DSC3009-1-768x513.jpg 768w, https:\/\/sarem.at\/wp-content\/uploads\/2024\/04\/DSC3009-1-1536x1025.jpg 1536w, https:\/\/sarem.at\/wp-content\/uploads\/2024\/04\/DSC3009-1-2048x1367.jpg 2048w\" sizes=\"(max-width: 800px) 100vw, 800px\" \/>\t\t\t\t\t\t\t\t\t\t\t\t\t<\/div>\n\t\t\t\t<\/div>\n\t\t\t\t<\/div>\n\t\t\t\t\t<\/div>\n\t\t\t\t<\/div>\n\t\t<div class=\"elementor-element elementor-element-14baf86 e-flex e-con-boxed e-con e-parent\" data-id=\"14baf86\" data-element_type=\"container\">\n\t\t\t\t\t<div class=\"e-con-inner\">\n\t\t\t\t<div class=\"elementor-element elementor-element-3e81df7 elementor-widget elementor-widget-text-editor\" data-id=\"3e81df7\" data-element_type=\"widget\" data-widget_type=\"text-editor.default\">\n\t\t\t\t<div class=\"elementor-widget-container\">\n\t\t\t\t\t\t\t<p>The rates include breakfast, dinner and filtered drinking water. Other beverages must be paid for separately. It is also possible to eat well and inexpensively both in the resort and the nearby tavernas.<\/p>\t\t\t\t\t\t<\/div>\n\t\t\t\t<\/div>\n\t\t\t\t\t<\/div>\n\t\t\t\t<\/div>\n\t\t<div class=\"elementor-element elementor-element-ad200dd e-flex e-con-boxed e-con e-parent\" data-id=\"ad200dd\" data-element_type=\"container\">\n\t\t\t\t\t<div class=\"e-con-inner\">\n\t\t<div class=\"elementor-element elementor-element-10dfd9e e-con-full e-flex e-con e-child\" data-id=\"10dfd9e\" data-element_type=\"container\">\n\t\t\t\t<div class=\"elementor-element elementor-element-56f50cc elementor-widget elementor-widget-text-editor\" data-id=\"56f50cc\" data-element_type=\"widget\" data-widget_type=\"text-editor.default\">\n\t\t\t\t<div class=\"elementor-widget-container\">\n\t\t\t\t\t\t\t<p><span style=\"color: #a88071;\"><strong>YOGA COURSE: <\/strong><\/span><strong>450,- \u20ac<\/strong><\/p><p>The yoga course consists of:<\/p><p>6 x morning Mysore classes 8:00am \u2013 10:30am<br \/>6 x evening sessions 5:15pm \u2013 7:30 pm.<br \/>(theory, pranayama, meditation, chanting and specific asana workshops)<\/p>\t\t\t\t\t\t<\/div>\n\t\t\t\t<\/div>\n\t\t\t\t<\/div>\n\t\t<div class=\"elementor-element elementor-element-5f0b723 e-con-full e-flex e-con e-child\" data-id=\"5f0b723\" data-element_type=\"container\">\n\t\t\t\t<div class=\"elementor-element elementor-element-6f63fac elementor-widget elementor-widget-image\" data-id=\"6f63fac\" data-element_type=\"widget\" data-widget_type=\"image.default\">\n\t\t\t\t<div class=\"elementor-widget-container\">\n\t\t\t\t\t\t\t\t\t\t\t\t\t<img decoding=\"async\" width=\"800\" height=\"448\" src=\"https:\/\/sarem.at\/wp-content\/uploads\/2024\/04\/DSC3183-1-1024x573.jpg\" class=\"attachment-large size-large wp-image-172\" alt=\"\" srcset=\"https:\/\/sarem.at\/wp-content\/uploads\/2024\/04\/DSC3183-1-1024x573.jpg 1024w, https:\/\/sarem.at\/wp-content\/uploads\/2024\/04\/DSC3183-1-300x168.jpg 300w, https:\/\/sarem.at\/wp-content\/uploads\/2024\/04\/DSC3183-1-768x430.jpg 768w, https:\/\/sarem.at\/wp-content\/uploads\/2024\/04\/DSC3183-1-1536x860.jpg 1536w, https:\/\/sarem.at\/wp-content\/uploads\/2024\/04\/DSC3183-1-2048x1147.jpg 2048w\" sizes=\"(max-width: 800px) 100vw, 800px\" \/>\t\t\t\t\t\t\t\t\t\t\t\t\t<\/div>\n\t\t\t\t<\/div>\n\t\t\t\t<\/div>\n\t\t\t\t\t<\/div>\n\t\t\t\t<\/div>\n\t\t<div class=\"elementor-element elementor-element-77b3ff0 e-flex e-con-boxed e-con e-parent\" data-id=\"77b3ff0\" data-element_type=\"container\">\n\t\t\t\t\t<div class=\"e-con-inner\">\n\t\t\t\t<div class=\"elementor-element elementor-element-4b6a911 elementor-widget elementor-widget-text-editor\" data-id=\"4b6a911\" data-element_type=\"widget\" data-widget_type=\"text-editor.default\">\n\t\t\t\t<div class=\"elementor-widget-container\">\n\t\t\t\t\t\t\t<span style=\"color: #a88071;\"><strong>FLIGHT: <\/strong><\/span> <\/span><\/b><span style=\"text-align: var(--text-align); font-size: 1rem;\">approx. <\/span><span style=\"text-align: var(--text-align); font-size: 1rem; font-weight: bolder;\">350,- \u20ac<\/span><span style=\"text-align: var(--text-align); font-size: 1rem;\">\n<\/span>There are also the costs for transfers of around <strong>50,- \u20ac<\/strong> \/ person (airport-hotel-airport). You also have the option of renting a car on your own.\t\t\t\t\t\t<\/div>\n\t\t\t\t<\/div>\n\t\t\t\t<div class=\"elementor-element elementor-element-410702b elementor-widget elementor-widget-text-editor\" data-id=\"410702b\" data-element_type=\"widget\" data-widget_type=\"text-editor.default\">\n\t\t\t\t<div class=\"elementor-widget-container\">\n\t\t\t\t\t\t\t<p><span style=\"color: #a88071;\"><strong>REGISTRATION: <\/strong><\/span><\/p><p>Tel.: 0699 17 11 11 17, E-mail: <a href=\"mailto:ashtangayoga@sarem.at\">ashtangayoga@sarem.at<\/a><\/p><p>Teilnehmerzahl: max. 15 Personen, Anmeldeschluss: 30. Mai 2026<\/p><p>To secure your spot, please transfer <strong>450,- \u20ac<\/strong> to my account:<br \/>Sarem Atef, IBAN: AT50 2011 1282 6105 4800, im Verwendungszweck bitte unbedingt \u201eYogareise Kreta 2026\u201c angeben.<\/p><p>Bei Storno nach Anmeldeschluss (30. Mai 2026) gelten die Stornobedingungen des Hotels, der Betrag f\u00fcr die Yogabetreuung kann nach Anmeldeschluss nur zur\u00fcckgegeben werden, wenn eine Ersatzperson die Reise antritt.<\/p>\t\t\t\t\t\t<\/div>\n\t\t\t\t<\/div>\n\t\t\t\t\t<\/div>\n\t\t\t\t<\/div>\n\t\t\t\t<\/div>","protected":false},"excerpt":{"rendered":"<p>KRETA YOGAREISE 12.9 \u2212 19.9.2026 Genie\u00dfe t\u00e4glich morgens und abends Yoga im Urlaubsfeeling und bade im herrlich blauen Wasser unter griechischer Sonne! Erfahre mehr \u00fcber die vielen Aspekte des Yoga, genie\u00dfe frisches gesundes Essen und tauche ein in nahezu unber\u00fchrte Natur! WO: Retreat Center Levinthos\u00a0 www.levinthos.gr Das Retreat-Center liegt an der S\u00fcdk\u00fcste Kretas, am Ortsrand [&hellip;]<\/p>","protected":false},"author":1,"featured_media":0,"parent":0,"menu_order":0,"comment_status":"closed","ping_status":"closed","template":"","meta":{"footnotes":""},"_links":{"self":[{"href":"https:\/\/sarem.at\/en\/wp-json\/wp\/v2\/pages\/33"}],"collection":[{"href":"https:\/\/sarem.at\/en\/wp-json\/wp\/v2\/pages"}],"about":[{"href":"https:\/\/sarem.at\/en\/wp-json\/wp\/v2\/types\/page"}],"author":[{"embeddable":true,"href":"https:\/\/sarem.at\/en\/wp-json\/wp\/v2\/users\/1"}],"replies":[{"embeddable":true,"href":"https:\/\/sarem.at\/en\/wp-json\/wp\/v2\/comments?post=33"}],"version-history":[{"count":174,"href":"https:\/\/sarem.at\/en\/wp-json\/wp\/v2\/pages\/33\/revisions"}],"predecessor-version":[{"id":1365,"href":"https:\/\/sarem.at\/en\/wp-json\/wp\/v2\/pages\/33\/revisions\/1365"}],"wp:attachment":[{"href":"https:\/\/sarem.at\/en\/wp-json\/wp\/v2\/media?parent=33"}],"curies":[{"name":"wp","href":"https:\/\/api.w.org\/{rel}","templated":true}]}}