{"id":31,"date":"2024-04-24T12:40:01","date_gmt":"2024-04-24T12:40:01","guid":{"rendered":"https:\/\/sarem.at\/?page_id=31"},"modified":"2024-06-10T09:16:46","modified_gmt":"2024-06-10T09:16:46","slug":"location","status":"publish","type":"page","link":"https:\/\/sarem.at\/en\/location\/","title":{"rendered":"Location"},"content":{"rendered":"<div data-elementor-type=\"wp-page\" data-elementor-id=\"31\" class=\"elementor elementor-31\" data-elementor-post-type=\"page\">\n\t\t\t\t<div class=\"elementor-element elementor-element-6a5104a1 e-con-full e-flex e-con e-parent\" data-id=\"6a5104a1\" data-element_type=\"container\">\n\t\t\t\t<div class=\"elementor-element elementor-element-4c7fde0e elementor--h-position-center elementor--v-position-middle elementor-widget elementor-widget-slides\" data-id=\"4c7fde0e\" data-element_type=\"widget\" data-settings=\"{&quot;navigation&quot;:&quot;none&quot;,&quot;transition&quot;:&quot;slide&quot;,&quot;transition_speed&quot;:500}\" data-widget_type=\"slides.default\">\n\t\t\t\t<div class=\"elementor-widget-container\">\n\t\t\t<style>\/*! elementor-pro - v3.21.0 - 15-04-2024 *\/\n.elementor-slides .swiper-slide-bg{background-size:cover;background-position:50%;background-repeat:no-repeat;min-width:100%;min-height:100%}.elementor-slides .swiper-slide-inner{background-repeat:no-repeat;background-position:50%;position:absolute;top:0;left:0;bottom:0;right:0;padding:50px;margin:auto}.elementor-slides .swiper-slide-inner,.elementor-slides .swiper-slide-inner:hover{color:#fff;display:flex}.elementor-slides .swiper-slide-inner .elementor-background-overlay{position:absolute;z-index:0;top:0;bottom:0;left:0;right:0}.elementor-slides .swiper-slide-inner .elementor-slide-content{position:relative;z-index:1;width:100%}.elementor-slides .swiper-slide-inner .elementor-slide-heading{font-size:35px;font-weight:700;line-height:1}.elementor-slides .swiper-slide-inner .elementor-slide-description{font-size:17px;line-height:1.4}.elementor-slides .swiper-slide-inner .elementor-slide-description:not(:last-child),.elementor-slides .swiper-slide-inner .elementor-slide-heading:not(:last-child){margin-bottom:30px}.elementor-slides .swiper-slide-inner .elementor-slide-button{border:2px solid #fff;color:#fff;background:transparent;display:inline-block}.elementor-slides .swiper-slide-inner .elementor-slide-button,.elementor-slides .swiper-slide-inner .elementor-slide-button:hover{background:transparent;color:inherit;text-decoration:none}.elementor--v-position-top .swiper-slide-inner{align-items:flex-start}.elementor--v-position-bottom .swiper-slide-inner{align-items:flex-end}.elementor--v-position-middle .swiper-slide-inner{align-items:center}.elementor--h-position-left .swiper-slide-inner{justify-content:flex-start}.elementor--h-position-right .swiper-slide-inner{justify-content:flex-end}.elementor--h-position-center .swiper-slide-inner{justify-content:center}body.rtl .elementor-widget-slides .elementor-swiper-button-next{left:10px;right:auto}body.rtl .elementor-widget-slides .elementor-swiper-button-prev{right:10px;left:auto}.elementor-slides-wrapper div:not(.swiper-slide)>.swiper-slide-inner{display:none}@media (max-width:767px){.elementor-slides .swiper-slide-inner{padding:30px}.elementor-slides .swiper-slide-inner .elementor-slide-heading{font-size:23px;line-height:1;margin-bottom:15px}.elementor-slides .swiper-slide-inner .elementor-slide-description{font-size:13px;line-height:1.4;margin-bottom:15px}}<\/style>\t\t<div class=\"elementor-swiper\">\n\t\t\t<div class=\"elementor-slides-wrapper elementor-main-swiper swiper\" dir=\"ltr\" data-animation=\"fadeInUp\">\n\t\t\t\t<div class=\"swiper-wrapper elementor-slides\">\n\t\t\t\t\t\t\t\t\t\t<div class=\"elementor-repeater-item-c4e8a8f swiper-slide\"><div class=\"swiper-slide-bg\" role=\"img\"><\/div><div class=\"swiper-slide-inner\" ><div class=\"swiper-slide-contents\"><\/div><\/div><\/div>\t\t\t\t<\/div>\n\t\t\t\t\t\t\t<\/div>\n\t\t<\/div>\n\t\t\t\t<\/div>\n\t\t\t\t<\/div>\n\t\t\t\t<\/div>\n\t\t<div class=\"elementor-element elementor-element-9a401f3 e-flex e-con-boxed e-con e-parent\" data-id=\"9a401f3\" data-element_type=\"container\">\n\t\t\t\t\t<div class=\"e-con-inner\">\n\t\t\t\t<div class=\"elementor-element elementor-element-bf9b8bf elementor-widget elementor-widget-text-editor\" data-id=\"bf9b8bf\" data-element_type=\"widget\" data-widget_type=\"text-editor.default\">\n\t\t\t\t<div class=\"elementor-widget-container\">\n\t\t\t<style>\/*! elementor - v3.21.0 - 18-04-2024 *\/\n.elementor-widget-text-editor.elementor-drop-cap-view-stacked .elementor-drop-cap{background-color:#69727d;color:#fff}.elementor-widget-text-editor.elementor-drop-cap-view-framed .elementor-drop-cap{color:#69727d;border:3px solid;background-color:transparent}.elementor-widget-text-editor:not(.elementor-drop-cap-view-default) .elementor-drop-cap{margin-top:8px}.elementor-widget-text-editor:not(.elementor-drop-cap-view-default) .elementor-drop-cap-letter{width:1em;height:1em}.elementor-widget-text-editor .elementor-drop-cap{float:left;text-align:center;line-height:1;font-size:50px}.elementor-widget-text-editor .elementor-drop-cap-letter{display:inline-block}<\/style>\t\t\t\t<p>The <em><span style=\"color: #a88071; font-size: 35px; font-family: Forum;\"><strong>H1 Center<\/strong><\/span><\/em> is a modern, very spacious, lovingly designed\nseminar center.<br \/>With 84 m<sup>2<\/sup>oiled floorboards, underfloor heating and a view of a peaceful\ngarden, the naturally bright room offers the ideal conditions for a Yoga\npractice. Yoga mats, blankets, blocks, belts and meditation cushions are\navailable. The studio mats are regularly disinfected, but it is still\nrecommended that you bring your own mat. If you don\u2019t want to carry your\nown mat back and forth all the time, you can store it in the studio (No\nliability is assumed for the storage of mats). A small kitchenette and lounge\narea provide a cozy place to relax and unwind in comfort and a well-\nmaintained shower gives you the opportunity to freshen up.<\/p>\t\t\t\t\t\t<\/div>\n\t\t\t\t<\/div>\n\t\t\t\t\t<\/div>\n\t\t\t\t<\/div>\n\t\t<div class=\"elementor-element elementor-element-923fa4a e-flex e-con-boxed e-con e-parent\" data-id=\"923fa4a\" data-element_type=\"container\">\n\t\t\t\t\t<div class=\"e-con-inner\">\n\t\t\t\t<div class=\"elementor-element elementor-element-d6eb5fc elementor-widget elementor-widget-image\" data-id=\"d6eb5fc\" data-element_type=\"widget\" data-widget_type=\"image.default\">\n\t\t\t\t<div class=\"elementor-widget-container\">\n\t\t\t<style>\/*! elementor - v3.21.0 - 18-04-2024 *\/\n.elementor-widget-image{text-align:center}.elementor-widget-image a{display:inline-block}.elementor-widget-image a img[src$=\".svg\"]{width:48px}.elementor-widget-image img{vertical-align:middle;display:inline-block}<\/style>\t\t\t\t\t\t\t\t\t\t<img fetchpriority=\"high\" decoding=\"async\" width=\"800\" height=\"534\" src=\"https:\/\/sarem.at\/wp-content\/uploads\/2024\/04\/Location-1024x683.jpg\" class=\"attachment-large size-large wp-image-488\" alt=\"\" srcset=\"https:\/\/sarem.at\/wp-content\/uploads\/2024\/04\/Location-1024x683.jpg 1024w, https:\/\/sarem.at\/wp-content\/uploads\/2024\/04\/Location-300x200.jpg 300w, https:\/\/sarem.at\/wp-content\/uploads\/2024\/04\/Location-768x512.jpg 768w, https:\/\/sarem.at\/wp-content\/uploads\/2024\/04\/Location-1536x1025.jpg 1536w, https:\/\/sarem.at\/wp-content\/uploads\/2024\/04\/Location.jpg 2000w\" sizes=\"(max-width: 800px) 100vw, 800px\" \/>\t\t\t\t\t\t\t\t\t\t\t\t\t<\/div>\n\t\t\t\t<\/div>\n\t\t\t\t\t<\/div>\n\t\t\t\t<\/div>\n\t\t<div class=\"elementor-element elementor-element-b9dd7d0 e-flex e-con-boxed e-con e-parent\" data-id=\"b9dd7d0\" data-element_type=\"container\">\n\t\t\t\t\t<div class=\"e-con-inner\">\n\t\t\t\t<div class=\"elementor-element elementor-element-c208a5b elementor-widget elementor-widget-text-editor\" data-id=\"c208a5b\" data-element_type=\"widget\" data-widget_type=\"text-editor.default\">\n\t\t\t\t<div class=\"elementor-widget-container\">\n\t\t\t\t\t\t\t<p><span style=\"color: #a88071;\"><strong>HOW TO GET HERE:<\/strong><\/span><\/p><p><a href=\"http:\/\/www.h1-zentrum.at\" target=\"_blank\" rel=\"noopener\">www.h1-zentrum.at<\/a><br \/>Hormayrgasse 1<br \/>1170 Wien<\/p><p>The seminar centre is located in the inner courtyard of Hormayrgasse 1.\nThere is a jewellery store called \u201cGolddiskont\u201d where Hormayrgasse leads\nto Elterleinplatz: enter the throughway, ring the bell at H1 at the bottom right\nand then walk straight ahead into the inner courtyard.<\/p><p><span style=\"color: #a88071;\"><strong>ARRIVING BY PUBLIC TRANSPORT:<\/strong><\/span><br \/>Take the U6 Alserstra\u00dfe. From there it is about 11 minutes on foot or 2\nstops on tram line 43 to Elterleinplatz. Tram line 9 also stops at\nElterleinplatz.<\/p><p><span style=\"color: #a88071;\"><strong>ARRIVING BY BICYCLE:<\/strong><\/span><br \/>If you come by bike, you can park it in the courtyard right next to the\nseminar centre.<\/p><p><span style=\"color: #a88071;\"><strong>ARRIVING BY CAR:<\/strong><\/span><br \/>If you come by car, it is relatively easy to find a parking space on\nHormayrgasse or on Hernalser Hauptstra\u00dfe in the direction of the city\ncentre. J\u00f6rgerstra\u00dfe, Hernalser Hauptstra\u00dfe, Hormayrgasse (in the area of\nElterleinplatz) and Elterleinplatz are designated as shopping streets, so a\n\npay-and-display ticket is only required until 6:00pm. Cars are officially\nallowed to park for 1 \u00bd hours on shopping streets during business hours\n(until 6:00pm), not the usual 2 hours elsewhere. Remember that there are\nalso resident-only parking areas for the 17th district which must be\nobserved.<\/p>\t\t\t\t\t\t<\/div>\n\t\t\t\t<\/div>\n\t\t\t\t\t<\/div>\n\t\t\t\t<\/div>\n\t\t<div class=\"elementor-element elementor-element-141453b elementor-hidden-desktop elementor-hidden-tablet e-flex e-con-boxed e-con e-parent\" data-id=\"141453b\" data-element_type=\"container\">\n\t\t\t\t\t<div class=\"e-con-inner\">\n\t\t\t\t<div class=\"elementor-element elementor-element-df42396 elementor-widget elementor-widget-google_maps\" data-id=\"df42396\" data-element_type=\"widget\" data-widget_type=\"google_maps.default\">\n\t\t\t\t<div class=\"elementor-widget-container\">\n\t\t\t<style>\/*! elementor - v3.21.0 - 18-04-2024 *\/\n.elementor-widget-google_maps .elementor-widget-container{overflow:hidden}.elementor-widget-google_maps .elementor-custom-embed{line-height:0}.elementor-widget-google_maps iframe{height:300px}<\/style>\t\t<div class=\"elementor-custom-embed\">\n\t\t\t<iframe loading=\"lazy\"\n\t\t\t\t\tsrc=\"https:\/\/maps.google.com\/maps?q=Hormayrgasse%201&#038;t=m&#038;z=14&#038;output=embed&#038;iwloc=near\"\n\t\t\t\t\ttitle=\"Hormayrgasse 1\"\n\t\t\t\t\taria-label=\"Hormayrgasse 1\"\n\t\t\t><\/iframe>\n\t\t<\/div>\n\t\t\t\t<\/div>\n\t\t\t\t<\/div>\n\t\t\t\t\t<\/div>\n\t\t\t\t<\/div>\n\t\t<div class=\"elementor-element elementor-element-c3311f2 elementor-hidden-mobile e-flex e-con-boxed e-con e-parent\" data-id=\"c3311f2\" data-element_type=\"container\">\n\t\t\t\t\t<div class=\"e-con-inner\">\n\t\t\t\t<div class=\"elementor-element elementor-element-e38ca21 elementor-widget elementor-widget-google_maps\" data-id=\"e38ca21\" data-element_type=\"widget\" data-widget_type=\"google_maps.default\">\n\t\t\t\t<div class=\"elementor-widget-container\">\n\t\t\t\t\t<div class=\"elementor-custom-embed\">\n\t\t\t<iframe loading=\"lazy\"\n\t\t\t\t\tsrc=\"https:\/\/maps.google.com\/maps?q=Hormayrgasse%201&#038;t=m&#038;z=15&#038;output=embed&#038;iwloc=near\"\n\t\t\t\t\ttitle=\"Hormayrgasse 1\"\n\t\t\t\t\taria-label=\"Hormayrgasse 1\"\n\t\t\t><\/iframe>\n\t\t<\/div>\n\t\t\t\t<\/div>\n\t\t\t\t<\/div>\n\t\t\t\t\t<\/div>\n\t\t\t\t<\/div>\n\t\t\t\t<\/div>","protected":false},"excerpt":{"rendered":"<p>Das H1 Zentrum ist ein modernes, sehr ger\u00e4umiges, liebevoll gestaltetes Seminarzentrum.Mit 84 m2, ge\u00f6ltem Dielenboden, Fu\u00dfbodenheizung und Blick in einen ruhigen Garten bietet der lichtdurchflutete Raum die idealen Bedingungen f\u00fcr eine Yogapraxis. Yogamatten, Decken, Bl\u00f6cke, Gurte und Meditationskissen sind vorhanden. Die Studiomatten werden regelm\u00e4\u00dfig desinfiziert, aber eine eigene Matte wird dennoch empfohlen. Wer seine private [&hellip;]<\/p>","protected":false},"author":1,"featured_media":0,"parent":0,"menu_order":0,"comment_status":"closed","ping_status":"closed","template":"","meta":{"footnotes":""},"_links":{"self":[{"href":"https:\/\/sarem.at\/en\/wp-json\/wp\/v2\/pages\/31"}],"collection":[{"href":"https:\/\/sarem.at\/en\/wp-json\/wp\/v2\/pages"}],"about":[{"href":"https:\/\/sarem.at\/en\/wp-json\/wp\/v2\/types\/page"}],"author":[{"embeddable":true,"href":"https:\/\/sarem.at\/en\/wp-json\/wp\/v2\/users\/1"}],"replies":[{"embeddable":true,"href":"https:\/\/sarem.at\/en\/wp-json\/wp\/v2\/comments?post=31"}],"version-history":[{"count":153,"href":"https:\/\/sarem.at\/en\/wp-json\/wp\/v2\/pages\/31\/revisions"}],"predecessor-version":[{"id":1254,"href":"https:\/\/sarem.at\/en\/wp-json\/wp\/v2\/pages\/31\/revisions\/1254"}],"wp:attachment":[{"href":"https:\/\/sarem.at\/en\/wp-json\/wp\/v2\/media?parent=31"}],"curies":[{"name":"wp","href":"https:\/\/api.w.org\/{rel}","templated":true}]}}